{"id":910,"date":"2024-04-09T10:19:03","date_gmt":"2024-04-09T08:19:03","guid":{"rendered":"https:\/\/www.clean-data.fr\/?page_id=910"},"modified":"2024-04-25T14:49:39","modified_gmt":"2024-04-25T12:49:39","slug":"politique-de-confidentialite","status":"publish","type":"page","link":"https:\/\/luthiers-lesoncontinu.fr\/?page_id=910","title":{"rendered":"Politique de confidentialit\u00e9"},"content":{"rendered":"\t\t<div data-elementor-type=\"wp-page\" data-elementor-id=\"910\" class=\"elementor elementor-910\" data-elementor-post-type=\"page\">\n\t\t\t\t<div class=\"elementor-element elementor-element-d6cb7d0 e-flex e-con-boxed e-con e-parent\" data-id=\"d6cb7d0\" data-element_type=\"container\" data-e-type=\"container\">\n\t\t\t\t\t<div class=\"e-con-inner\">\n\t\t<div class=\"elementor-element elementor-element-721e120 e-con-full e-flex e-con e-child\" data-id=\"721e120\" data-element_type=\"container\" data-e-type=\"container\">\n\t\t\t\t<div class=\"elementor-element elementor-element-21bc37a elementor-widget elementor-widget-heading\" data-id=\"21bc37a\" data-element_type=\"widget\" data-e-type=\"widget\" data-widget_type=\"heading.default\">\n\t\t\t\t<div class=\"elementor-widget-container\">\n\t\t\t\t\t<h2 class=\"elementor-heading-title elementor-size-default\">Politique de confidentialit\u00e9<\/h2>\t\t\t\t<\/div>\n\t\t\t\t<\/div>\n\t\t\t\t<div class=\"elementor-element elementor-element-00eb561 elementor-widget elementor-widget-spacer\" data-id=\"00eb561\" data-element_type=\"widget\" data-e-type=\"widget\" data-widget_type=\"spacer.default\">\n\t\t\t\t<div class=\"elementor-widget-container\">\n\t\t\t\t\t\t\t<div class=\"elementor-spacer\">\n\t\t\t<div class=\"elementor-spacer-inner\"><\/div>\n\t\t<\/div>\n\t\t\t\t\t\t<\/div>\n\t\t\t\t<\/div>\n\t\t\t\t<div class=\"elementor-element elementor-element-9a72430 elementor-widget elementor-widget-text-editor\" data-id=\"9a72430\" data-element_type=\"widget\" data-e-type=\"widget\" data-widget_type=\"text-editor.default\">\n\t\t\t\t<div class=\"elementor-widget-container\">\n\t\t\t\t\t\t\t\t\t<h2 class=\"wp-block-heading\"><strong>A propos du Son Continu :<\/strong><\/h2>\n<p><strong>L\u2019adresse du site est<\/strong> : https:\/\/luthiers-lesoncontinu.fr\/<\/p>\n<h2 class=\"wp-block-heading\"><strong>Cookies :<br><\/strong><\/h2>\n<p>Nous nous engageons \u00e0 respecter votre vie priv\u00e9e et \u00e0 garantir une exp\u00e9rience en ligne transparente et s\u00e9curis\u00e9e. Dans cet esprit, nous tenons \u00e0 vous informer que notre site n\u2019utilise pas de cookies : nous utilisons le plugin Matomo sans cookies.<\/p>\n<p>Nous croyons fermement en la protection de vos donn\u00e9es personnelles et nous nous engageons \u00e0 ne pas collecter d\u2019informations sensibles sans votre consentement explicite. Vous pouvez parcourir notre site en toute tranquillit\u00e9, sachant que votre vie priv\u00e9e est respect\u00e9e \u00e0 chaque \u00e9tape.<\/p>\n<h2 class=\"wp-block-heading\"><strong>Donn\u00e9es personnelles :<\/strong><\/h2>\n<p>Ce site ne recueil que les donn\u00e9es personnelles des luthiers participants au salon &#8220;Le son continu&#8221; dans le cadre de leurs reservation et des services propos\u00e9s par le salon. Vous pouvez demander l&#8217;effacement de vos donn\u00e9es personnelles par mail \u00e0 contact@bigberry.fr une fois le salon termin\u00e9.<\/p>\t\t\t\t\t\t\t\t<\/div>\n\t\t\t\t<\/div>\n\t\t\t\t<\/div>\n\t\t\t\t\t<\/div>\n\t\t\t\t<\/div>\n\t\t\t\t<\/div>\n\t\t","protected":false},"excerpt":{"rendered":"<p>Politique de confidentialit\u00e9 A propos du Son Continu : L\u2019adresse du site est : https:\/\/luthiers-lesoncontinu.fr\/ Cookies : Nous nous engageons \u00e0 respecter votre vie priv\u00e9e et \u00e0 garantir une exp\u00e9rience en ligne transparente et s\u00e9curis\u00e9e. Dans cet esprit, nous tenons \u00e0 vous informer que notre site n\u2019utilise pas de cookies : nous utilisons le plugin [&hellip;]<\/p>\n","protected":false},"author":1,"featured_media":0,"parent":0,"menu_order":0,"comment_status":"closed","ping_status":"closed","template":"elementor_header_footer","meta":{"footnotes":""},"class_list":["post-910","page","type-page","status-publish","hentry"],"jetpack_sharing_enabled":true,"_links":{"self":[{"href":"https:\/\/luthiers-lesoncontinu.fr\/index.php?rest_route=\/wp\/v2\/pages\/910","targetHints":{"allow":["GET"]}}],"collection":[{"href":"https:\/\/luthiers-lesoncontinu.fr\/index.php?rest_route=\/wp\/v2\/pages"}],"about":[{"href":"https:\/\/luthiers-lesoncontinu.fr\/index.php?rest_route=\/wp\/v2\/types\/page"}],"author":[{"embeddable":true,"href":"https:\/\/luthiers-lesoncontinu.fr\/index.php?rest_route=\/wp\/v2\/users\/1"}],"replies":[{"embeddable":true,"href":"https:\/\/luthiers-lesoncontinu.fr\/index.php?rest_route=%2Fwp%2Fv2%2Fcomments&post=910"}],"version-history":[{"count":7,"href":"https:\/\/luthiers-lesoncontinu.fr\/index.php?rest_route=\/wp\/v2\/pages\/910\/revisions"}],"predecessor-version":[{"id":1045,"href":"https:\/\/luthiers-lesoncontinu.fr\/index.php?rest_route=\/wp\/v2\/pages\/910\/revisions\/1045"}],"wp:attachment":[{"href":"https:\/\/luthiers-lesoncontinu.fr\/index.php?rest_route=%2Fwp%2Fv2%2Fmedia&parent=910"}],"curies":[{"name":"wp","href":"https:\/\/api.w.org\/{rel}","templated":true}]}}