{"id":905,"date":"2024-04-09T10:14:03","date_gmt":"2024-04-09T08:14:03","guid":{"rendered":"https:\/\/www.clean-data.fr\/?page_id=905"},"modified":"2024-04-09T10:16:30","modified_gmt":"2024-04-09T08:16:30","slug":"mentions-legales","status":"publish","type":"page","link":"https:\/\/luthiers-lesoncontinu.fr\/?page_id=905","title":{"rendered":"Mentions l\u00e9gales"},"content":{"rendered":"\t\t<div data-elementor-type=\"wp-page\" data-elementor-id=\"905\" class=\"elementor elementor-905\" data-elementor-post-type=\"page\">\n\t\t\t\t<div class=\"elementor-element elementor-element-5e24e66 e-flex e-con-boxed e-con e-parent\" data-id=\"5e24e66\" data-element_type=\"container\" data-e-type=\"container\">\n\t\t\t\t\t<div class=\"e-con-inner\">\n\t\t<div class=\"elementor-element elementor-element-7dec596 e-con-full e-flex e-con e-child\" data-id=\"7dec596\" data-element_type=\"container\" data-e-type=\"container\">\n\t\t\t\t<div class=\"elementor-element elementor-element-3587a4b elementor-widget elementor-widget-heading\" data-id=\"3587a4b\" data-element_type=\"widget\" data-e-type=\"widget\" data-widget_type=\"heading.default\">\n\t\t\t\t<div class=\"elementor-widget-container\">\n\t\t\t\t\t<h2 class=\"elementor-heading-title elementor-size-default\">Mentions l\u00e9gales<\/h2>\t\t\t\t<\/div>\n\t\t\t\t<\/div>\n\t\t\t\t<div class=\"elementor-element elementor-element-d3b7ca7 elementor-widget elementor-widget-spacer\" data-id=\"d3b7ca7\" data-element_type=\"widget\" data-e-type=\"widget\" data-widget_type=\"spacer.default\">\n\t\t\t\t<div class=\"elementor-widget-container\">\n\t\t\t\t\t\t\t<div class=\"elementor-spacer\">\n\t\t\t<div class=\"elementor-spacer-inner\"><\/div>\n\t\t<\/div>\n\t\t\t\t\t\t<\/div>\n\t\t\t\t<\/div>\n\t\t\t\t<div class=\"elementor-element elementor-element-0aa8c58 elementor-widget elementor-widget-text-editor\" data-id=\"0aa8c58\" data-element_type=\"widget\" data-e-type=\"widget\" data-widget_type=\"text-editor.default\">\n\t\t\t\t<div class=\"elementor-widget-container\">\n\t\t\t\t\t\t\t\t\t<p>Ce site appartient \u00e0 l&#8217;association &#8220;Le son continu&#8221;. Tous droits r\u00e9serv\u00e9s.<\/p><div class=\"elementor-element elementor-element-604caba elementor-widget elementor-widget-heading\" data-id=\"604caba\" data-element_type=\"widget\" data-widget_type=\"heading.default\"><div><p><strong>Adresse<\/strong> : 134 RUE NATIONALE, 36400 LA CHATRE<\/p><p><strong>Contact<\/strong> : lesoncontinu@gmail.com<\/p><\/div><\/div><div class=\"elementor-element elementor-element-791a41fd elementor-hidden-mobile elementor-widget elementor-widget-spacer\" data-id=\"791a41fd\" data-element_type=\"widget\" data-widget_type=\"spacer.default\"><div class=\"elementor-widget-container\"><div class=\"elementor-spacer\"><div class=\"elementor-spacer-inner\"><p><strong>Siret<\/strong> :801 813 395 00010<br \/><strong>Site web<\/strong> : https:\/\/lesoncontinu.fr\/<\/p><p><strong>Web master<\/strong> : Adrien Camp \u2013 Big Berry<\/p><p><strong>Web designer<\/strong> : \u00a0Adrien Camp, Big Berry<br \/>Contact : contact@bigberry.fr<br \/>Tel : 06 43 06 78 45<\/p><p>\u00a0 <strong>Si\u00e8ge social<\/strong> : SARL Big Berry<br \/>SIRET 88788406200019<br \/>www.bigberry.fr<br \/>4 place Jean Moulin<br \/>36400 Briantes<\/p><p><strong>H\u00e9bergeur<br \/><\/strong>OVH<br \/>RCS Lille M\u00e9tropole 424 761 419 00045<br \/>Code APE 2620Z<br \/>N\u00b0 TVA : FR 22 424 761 419<br \/>Si\u00e8ge social : 2 rue Kellermann \u2013 59100 Roubaix \u2013 France<\/p><\/div><\/div><\/div><\/div>\t\t\t\t\t\t\t\t<\/div>\n\t\t\t\t<\/div>\n\t\t\t\t<\/div>\n\t\t\t\t\t<\/div>\n\t\t\t\t<\/div>\n\t\t\t\t<\/div>\n\t\t","protected":false},"excerpt":{"rendered":"<p>Mentions l\u00e9gales Ce site appartient \u00e0 l&#8217;association &#8220;Le son continu&#8221;. Tous droits r\u00e9serv\u00e9s. Adresse : 134 RUE NATIONALE, 36400 LA CHATRE Contact : lesoncontinu@gmail.com Siret :801 813 395 00010Site web : https:\/\/lesoncontinu.fr\/ Web master : Adrien Camp \u2013 Big Berry Web designer : \u00a0Adrien Camp, Big BerryContact : contact@bigberry.frTel : 06 43 06 78 45 [&hellip;]<\/p>\n","protected":false},"author":1,"featured_media":0,"parent":0,"menu_order":0,"comment_status":"closed","ping_status":"closed","template":"elementor_header_footer","meta":{"footnotes":""},"class_list":["post-905","page","type-page","status-publish","hentry"],"jetpack_sharing_enabled":true,"_links":{"self":[{"href":"https:\/\/luthiers-lesoncontinu.fr\/index.php?rest_route=\/wp\/v2\/pages\/905","targetHints":{"allow":["GET"]}}],"collection":[{"href":"https:\/\/luthiers-lesoncontinu.fr\/index.php?rest_route=\/wp\/v2\/pages"}],"about":[{"href":"https:\/\/luthiers-lesoncontinu.fr\/index.php?rest_route=\/wp\/v2\/types\/page"}],"author":[{"embeddable":true,"href":"https:\/\/luthiers-lesoncontinu.fr\/index.php?rest_route=\/wp\/v2\/users\/1"}],"replies":[{"embeddable":true,"href":"https:\/\/luthiers-lesoncontinu.fr\/index.php?rest_route=%2Fwp%2Fv2%2Fcomments&post=905"}],"version-history":[{"count":4,"href":"https:\/\/luthiers-lesoncontinu.fr\/index.php?rest_route=\/wp\/v2\/pages\/905\/revisions"}],"predecessor-version":[{"id":909,"href":"https:\/\/luthiers-lesoncontinu.fr\/index.php?rest_route=\/wp\/v2\/pages\/905\/revisions\/909"}],"wp:attachment":[{"href":"https:\/\/luthiers-lesoncontinu.fr\/index.php?rest_route=%2Fwp%2Fv2%2Fmedia&parent=905"}],"curies":[{"name":"wp","href":"https:\/\/api.w.org\/{rel}","templated":true}]}}